{"id":303,"date":"2018-11-30T13:23:48","date_gmt":"2018-11-30T11:23:48","guid":{"rendered":"http:\/\/www.cardio-help.ro\/?page_id=303"},"modified":"2019-01-09T10:12:51","modified_gmt":"2019-01-09T08:12:51","slug":"g-d-p-r","status":"publish","type":"page","link":"https:\/\/www.cardio-help.ro\/?page_id=303","title":{"rendered":"G.D.P.R."},"content":{"rendered":"<p>Temeiul pentru prelucrarea datelor dvs. personale este unul legal, prelucrarea fiind necesara pentru furnizarea investigatiilor pe care dv. doriti sa le faceti \u00een cadrul cabinetului Cardio Help sau pentru\u00a0 derularea\/ incheierea \u0219i executarea unui contract la care sunte\u021bi parte sau pe care angajatorul dv. a \u00eenteles sa il deruleze cu subscrisa. Prin solicitarea dv. de a efectua investigatii in cadrul Cardio Help va exprimati acordul ca datele dv sa fie preluate\/prelucrate si stocate conform prevederilor legale specifice din domeniul sanatatii.<\/p>\n<p>Va rugam ca inainte de efectuarea investigatiilor sa va informati daca investigatiile pe care urmeaza sa le efectuati indeplinesc conditiile de acreditare conform stadardelor dorite de catre dv., eventualele reclamatii ulterioare neputand fi luate in calcul.<\/p>\n<p>Inafara\u00a0scopului pentru care au fost preluate, datele dv. pot fi prelucrate si din necesitatea de a respecta o obliga\u021bie legal\u0103 la care suntem supu\u0219i, ce de exemplu in cazul raportarilor cu autoritatile competente in domeniul sanatatii, la derularea eventualelor controale derulate de catre autoritatile legale, \u00een cazul cerin\u021belor contabile etc . Datele preluate urmeaza a fi stocate pentru perioada impusa de legile specifice din domeniul sanatatii. Cardio Help \u00a0nu prelucreaza datele in mod excesiv, nu externalizeaza catre terti neautorizati accesul la acestea, nu deruleaza campanii de marketing direct. In conformitate cu reglementarile specifice din domeniul sanatatii istoricul medical nu poate fi sters.<\/p>\n<p>Prelucrarea datelor cu caracter personal de Cardio Help se doreste a fi facuta doar in scopul in care datele dv. au fost preluate, fara a fi prelucrate si pentru un scop secundar care este incompatibil cu scopul principal pentru care datele dvs. personale sunt ini\u021bial colectate. Dac\u0103 totu\u0219i acest lucru se va \u00eent\u00e2mpla, intelegem sa va anuntam direct, iar daca acest lucru nu va fi posibil, anuntul se va face prin intermediul site-ul companiei.<\/p>\n<p>Datele colectate sunt adecvate, relevante \u0219i limitate la ceea ce este strict necesar pentru derularea actului medical\/prestarea serviciului medical de catre Cardio Help. \u00cen cazul \u00een care se intampla ca un client sa ofere \u00een mod voluntar mai multe informa\u021bii (cum ar fi copii ale c\u0103r\u021bilor de identitate), acestea sunt \u0219terse imediat iar informatiile colecatate vor fi folosite doar in scopul derularii actului medical\/furnizarii servicului medical. Datele nu sunt folosite \u00een alte scopuri, nici m\u0103car \u00een comunic\u0103rile comerciale.<\/p>\n<p>Incercam sa ne limitam prelucrarea datelor dvs. personale la o dimensiune, amploare \u0219i frecven\u021ba care sunt necesare pentru scopurile procesarii si pentru indeplinirea scopului pentru care au fost furnizate. In cazul in care aplicati pentru o pozitie aflata in recrutare iar cv-ul dv nu se incadreaza profilului\/pozitiei\u00a0 aflate in recrutare, acesta va fi distrus fara a fi pastrat in baza de date pentru o eventuala noua pozitie. In situatia in care doriti sa va fie pastrat cv-ul si sa fiti contactati pentru o alta viitoare pozitie , va rugam sa specificati in mod clar si explicit acest lucru.<\/p>\n<p>Datele dvs. personale sunt transferate de la \u0219i c\u0103tre ter\u021be p\u0103r\u021bi care prelucreaz\u0103 datele personale \u00een numele nostru respectiv in cadrul retelei de parteneri Cardio Help. In functie de scopul pentru care ne-ati furnizat datele dv. acestea pot fi accesate de catre diverse departamente : contabilitate, vanzari, resurse umane,\u00a0Casele de Asigurari de Sanatate Dolj sau cea Nationala, fiind stocate doar pe teritoriul Romaniei.<\/p>\n<p>Dezvaluirea datelor dvs. personale catre \u00eemputernici\u021bii no\u0219tri are la baz\u0103 contracte scrise sau un temei legal.<\/p>\n<p>Daca \u00een viitor va vom dezvalui datele personale unui alt destinatar, atunci v\u0103 vom informa despre momentul dezv\u0103luirii \u0219i numele destinatarilor in mod direct, iar daca acest lucru nu este posibil, vom publica pe site-ul companiei informatiile necesare.<\/p>\n<p>Datele dvs. sunt localizate pe teritoriul Romaniei, nu transferam datele dvs. personale \u00een \u021bari din afara UE \u0219i SEE, ori catre o organiza\u021bie interna\u021bionala.<\/p>\n<p>Protej\u0103m prelucrarea datelor cu caracter personal \u00eempotriva amenin\u021b\u0103rilor la adresa prelucr\u0103rii. M\u0103surile de securitate pe care le-am pus \u00een practic\u0103 sunt de natur\u0103 a asigura protec\u021bia datelor dvs. cu caracter personal.<\/p>\n<p>Ne asigur\u0103m c\u0103 personalul nostru este responsabil pentru prelucrarea sigur\u0103 a datelor cu caracter personal. Control\u0103m accesul la datele personale pe care le de\u021binem \u0219i control\u0103m faptul c\u0103 numai persoanele care au dreptul de a accesa datele personale de\u021binute pot accesa aceste date si organizam sesiuni interne de discutii in legatura cu protectia datelor cu caracter personal.<\/p>\n<p>Ne asiguram ca accesul fizic neautorizat la datele noastre cu caracter personal este \u00eempiedicat \u0219i ca prevenim pierderea, distrugerea, deteriorarea \u0219i modificarea suportului de stocare a datelor personale.<\/p>\n<p>Ave\u021bi dreptul sa accesa\u021bi datele dvs. personale. La cererea dumneavoastra vom confirma daca prelucram sau nu datele dvs. personale. Acest drept include numai datele personale care va privesc \u0219i nu este aplicabil cu referire la ter\u021bi. De asemenea, dreptul se refera \u0219i la eventualele date pseudonime care pot fi \u00een mod clar legate de dvs. Este foarte important si va comunicam pe acesta cale ca doar titularul are acces la propriul istoric medical sau eventuale investigatii medicale efectuate. In situatia in care sunteti in imposibilitatea de a va prezenta personal la cabinetul Cardio Help pentru a formula o solicitare in acest sens, va rugam ca persoana desemnata de dv. sa aiba o procura valabila in acest scop, in caz contrar nu va putea primi informatiile solicitate. Cererile primite pe mail sau telefonic\u00a0nu vor fi luate in calcul iar istoricul medical sau investigatiile medicale solicitate pe aceste canale de comunicare nu vor fi luate in calcul de catre companie.<\/p>\n<p>\u00cen cazul in care va confirm\u0103m faptul ca va procesam datele personale, ve\u021bi primi acces la acestea, daca solicita\u021bi un astfel de acces. De asemenea, ve\u021bi primi o copie a acestor date, daca solicita\u021bi o astfel de copie.<\/p>\n<p>Ave\u021bi dreptul sa va opune\u021bi prelucrarii datelor dvs. personale. Daca ve\u021bi exercita acest drept vom \u00eenceta prelucrarea datelor dvs., dar \u00een cazul \u00een care prelucrarea are loc \u00een baza unei obliga\u021bii legale (de exemplu raportarea cu \/catre CAS, CNAS, contabilitate etc.), aceasta prelucrare va continua. Daca exercita\u021bi acest drept \u00eenainte accesarea serviciilor medicale in cadrul sistemului propriu, o astfel de obiec\u021bie va duce la imposibilitatea de a va furniza serviciile noastre, deoarece fara a va identifica in mod real\u00a0 nu pute\u021bi accesa serviciile din cadrul sistemului Cardio Help.\u00a0 \u00cen acest caz, veti fi anuntat de catre angajatii\/colaboratorii Cardio Help ca datele dvs. nu sunt procesate \u0219i nu veti putea accesa serviciile medicale in cadrul Cardio Help. Nicio rambursare a eventualelor costuri achitate nu va fi aplicabila.<\/p>\n<p>Ave\u021bi dreptul la rectificarea datelor dvs. personale. Vom rectifica datele dvs. personale pe care le prelucr\u0103m dac\u0103 acestea sunt inexacte sau incomplete \u0219i solicita\u021bi recuperarea sau completarea lor.<\/p>\n<p>Ave\u021bi dreptul la \u0219tergerea datelor dvs. personale. La cererea dumneavoastra vom \u0219terge fara \u00eent\u00e2rzieri nejustificate datele dvs. personale pe care le prelucr\u0103m, dac\u0103 datele nu mai sunt necesare pentru \u00eendeplinirea scopurilor pentru care au fost colectate sau va prelucr\u0103m datele \u00een baza unui interes legitim asupra caruia prevaleaza obiec\u021bia dvs. \u0219i nu exist\u0103 alt temei pentru prelucrare.<\/p>\n<p>Pute\u021bi trimite solicitarea dvs. referitoare la protec\u021bia datelor dvs. personale la adresa de e-mai office@cardio-help.ro<\/p>\n<p>Ve\u021bi primi raspunsul nostru la solicitarea dvs. la adresa de e-mail pe care o indica\u021bi sau, \u00een absen\u021ba unei indica\u021bii exprese, la adresa utilizata pentru a depune cererea. Cererea dvs. va fi tratat\u0103 \u00een termen de 30 zile de la primire, cu excep\u021bia cazului \u00een care este necesar un timp mai lung pentru a raspunde, caz \u00een care va vom comunica eventuala \u00eent\u00e2rziere.<\/p>\n<p>Pentru mai multe informatii puteti apela la Autoritatea Na\u021bional\u0103 pentru Supravegherea Prelucr\u0103rii Datelor cu Caracter Personal.<\/p>\n<p>Daca intervine o modificare a acestei note de informare, noua versiune va fi publicata la aceea\u0219i adresa web. Modific\u0103rile nu sunt comunicate prin e-mail.<\/p>\n<p>Suntem o entitate rom\u00e2neasc\u0103 ce ofer\u0103 servicii \u00een Rom\u00e2nia reziden\u021bilor din Rom\u00e2nia, prin urmare legea aplicabil\u0103 este legea rom\u00e2n\u0103.<\/p>\n<p>Aceasta nota de informare este elaborat\u0103 \u00een temeiul Legii nr. 677\/2001 (care implementeaz\u0103 Directiva 95\/46\/CE) \u0219i va fi in mod dinamic adaptata la\u00a0prevederile Regulamentului General privind Protec\u021bia Datelor, aplicabil de la 25 mai 2018.<\/p>\n<p>Va multumim pentru intelegere si va siguram pe acesta cale de tot suportul si disponibilitatea noastra de a implementa corect prevederile legale din domeniul sanatatii completate de prevederile legale mentionate in prezenta.<\/p>\n","protected":false},"excerpt":{"rendered":"<p>Temeiul pentru prelucrarea datelor dvs. personale este unul legal, prelucrarea fiind necesara pentru furnizarea investigatiilor pe care dv. doriti sa le faceti \u00een cadrul cabinetului Cardio Help sau pentru\u00a0 derularea\/ incheierea \u0219i executarea unui contract la care sunte\u021bi parte sau pe care angajatorul dv. a \u00eenteles sa il deruleze cu subscrisa. Prin solicitarea dv. de [&hellip;]<\/p>\n","protected":false},"author":1,"featured_media":0,"parent":0,"menu_order":0,"comment_status":"closed","ping_status":"closed","template":"","meta":{"_et_pb_use_builder":"","_et_pb_old_content":"","_et_gb_content_width":"","footnotes":""},"class_list":["post-303","page","type-page","status-publish","hentry"],"_links":{"self":[{"href":"https:\/\/www.cardio-help.ro\/index.php?rest_route=\/wp\/v2\/pages\/303","targetHints":{"allow":["GET"]}}],"collection":[{"href":"https:\/\/www.cardio-help.ro\/index.php?rest_route=\/wp\/v2\/pages"}],"about":[{"href":"https:\/\/www.cardio-help.ro\/index.php?rest_route=\/wp\/v2\/types\/page"}],"author":[{"embeddable":true,"href":"https:\/\/www.cardio-help.ro\/index.php?rest_route=\/wp\/v2\/users\/1"}],"replies":[{"embeddable":true,"href":"https:\/\/www.cardio-help.ro\/index.php?rest_route=%2Fwp%2Fv2%2Fcomments&post=303"}],"version-history":[{"count":1,"href":"https:\/\/www.cardio-help.ro\/index.php?rest_route=\/wp\/v2\/pages\/303\/revisions"}],"predecessor-version":[{"id":304,"href":"https:\/\/www.cardio-help.ro\/index.php?rest_route=\/wp\/v2\/pages\/303\/revisions\/304"}],"wp:attachment":[{"href":"https:\/\/www.cardio-help.ro\/index.php?rest_route=%2Fwp%2Fv2%2Fmedia&parent=303"}],"curies":[{"name":"wp","href":"https:\/\/api.w.org\/{rel}","templated":true}]}}